{"id":211,"date":"2023-12-28T22:04:52","date_gmt":"2023-12-28T21:04:52","guid":{"rendered":"https:\/\/chateau-fort-sedan.ms2.decms.eu\/nos-chambres\/"},"modified":"2024-04-05T16:32:23","modified_gmt":"2024-04-05T14:32:23","slug":"our-rooms","status":"publish","type":"page","link":"https:\/\/www.hotel-lechateaufort.fr\/en\/our-rooms\/","title":{"rendered":"Our rooms <br \/>in the heart of the Ch\u00e2teau-Fort of Sedan"},"content":{"rendered":"<p><strong>Experience the Ch\u00e2teau Fort differently&#8230;<\/strong><\/p>\n<p> 52 rooms and suites that offer modern comfort while preserving the inimitable character of a  Ch\u00e2teau-Fort. Each of them offers a breathtaking view of the castle\u2019s majestic courtyard,  while our suites overlook the city.<\/p>\n<p> Dive into the heart of history by staying in the Residence of the Princes of Sedan, located in  the largest Ch\u00e2teau Fort in Europe. A unique experience awaits you, blending tradition and  refinement.<\/p>\n<p> The Hotel le Chateau Fort Sedan welcomes you to a remarkable heritage, established for 6  centuries, which expresses the power of medieval architecture. Every stone tells a story,  making your stay an immersion into the past.<\/p>\n<p>Our team welcomes you with warmth, ensuring a calm and peaceful stay. Enjoy our exceptional hospitality while discovering the charms of this historically rich location.<\/p>\n<p>Staying at Hotel le Chateau Fort de Sedan will become your own story within history, leaving behind an unforgettable memory.<\/p>\n<p>WELCOME TO OUR PLACE<\/p>\n","protected":false},"excerpt":{"rendered":"<p>Experience the Ch\u00e2teau Fort differently&#8230; 52 rooms and suites that offer modern comfort while preserving the inimitable character of a Ch\u00e2teau-Fort. Each of them offers a breathtaking view of the castle\u2019s majestic courtyard, while our suites overlook the city. Dive into the heart of history by staying in the Residence of the Princes of Sedan, [&hellip;]<\/p>\n","protected":false},"author":25,"featured_media":0,"parent":0,"menu_order":0,"comment_status":"closed","ping_status":"closed","template":"template-rooms.php","meta":{"footnotes":""},"class_list":["post-211","page","type-page","status-publish","hentry"],"yoast_head":"<!-- This site is optimized with the Yoast SEO plugin v27.3 - https:\/\/yoast.com\/product\/yoast-seo-wordpress\/ -->\n<title>Our rooms in the heart of the Ch\u00e2teau-Fort of Sedan - Chateau Fort Sedan<\/title>\n<meta name=\"description\" content=\"Experience the Ch\u00e2teau Fort differently... 52 rooms and suites that offer modern comfort while preserving the inimitable character of a Ch\u00e2teau-Fort. Each\" \/>\n<meta name=\"robots\" content=\"index, follow, max-snippet:-1, max-image-preview:large, max-video-preview:-1\" \/>\n<link rel=\"canonical\" href=\"https:\/\/www.hotel-lechateaufort.fr\/en\/our-rooms\/\" \/>\n<meta property=\"og:locale\" content=\"en_US\" \/>\n<meta property=\"og:type\" content=\"article\" \/>\n<meta property=\"og:title\" content=\"Our rooms in the heart of the Ch\u00e2teau-Fort of Sedan - Chateau Fort Sedan\" \/>\n<meta property=\"og:description\" content=\"Experience the Ch\u00e2teau Fort differently... 52 rooms and suites that offer modern comfort while preserving the inimitable character of a Ch\u00e2teau-Fort. Each\" \/>\n<meta property=\"og:url\" content=\"https:\/\/www.hotel-lechateaufort.fr\/en\/our-rooms\/\" \/>\n<meta property=\"og:site_name\" content=\"Chateau Fort Sedan\" \/>\n<meta property=\"article:modified_time\" content=\"2024-04-05T14:32:23+00:00\" \/>\n<meta name=\"twitter:card\" content=\"summary_large_image\" \/>\n<meta name=\"twitter:label1\" content=\"Est. reading time\" \/>\n\t<meta name=\"twitter:data1\" content=\"1 minute\" \/>\n<script type=\"application\/ld+json\" class=\"yoast-schema-graph\">{\"@context\":\"https:\\\/\\\/schema.org\",\"@graph\":[{\"@type\":\"WebPage\",\"@id\":\"https:\\\/\\\/www.hotel-lechateaufort.fr\\\/en\\\/our-rooms\\\/\",\"url\":\"https:\\\/\\\/www.hotel-lechateaufort.fr\\\/en\\\/our-rooms\\\/\",\"name\":\"Our rooms in the heart of the Ch\u00e2teau-Fort of Sedan - Chateau Fort Sedan\",\"isPartOf\":{\"@id\":\"https:\\\/\\\/www.hotel-lechateaufort.fr\\\/en\\\/#website\"},\"datePublished\":\"2023-12-28T21:04:52+00:00\",\"dateModified\":\"2024-04-05T14:32:23+00:00\",\"description\":\"Experience the Ch\u00e2teau Fort differently... 52 rooms and suites that offer modern comfort while preserving the inimitable character of a Ch\u00e2teau-Fort. Each\",\"breadcrumb\":{\"@id\":\"https:\\\/\\\/www.hotel-lechateaufort.fr\\\/en\\\/our-rooms\\\/#breadcrumb\"},\"inLanguage\":\"en-US\",\"potentialAction\":[{\"@type\":\"ReadAction\",\"target\":[\"https:\\\/\\\/www.hotel-lechateaufort.fr\\\/en\\\/our-rooms\\\/\"]}]},{\"@type\":\"BreadcrumbList\",\"@id\":\"https:\\\/\\\/www.hotel-lechateaufort.fr\\\/en\\\/our-rooms\\\/#breadcrumb\",\"itemListElement\":[{\"@type\":\"ListItem\",\"position\":1,\"name\":\"Accueil\",\"item\":\"https:\\\/\\\/www.hotel-lechateaufort.fr\\\/en\\\/\"},{\"@type\":\"ListItem\",\"position\":2,\"name\":\"Our rooms in the heart of the Ch\u00e2teau-Fort of Sedan\"}]},{\"@type\":\"WebSite\",\"@id\":\"https:\\\/\\\/www.hotel-lechateaufort.fr\\\/en\\\/#website\",\"url\":\"https:\\\/\\\/www.hotel-lechateaufort.fr\\\/en\\\/\",\"name\":\"Chateau Fort Sedan\",\"description\":\"\",\"potentialAction\":[{\"@type\":\"SearchAction\",\"target\":{\"@type\":\"EntryPoint\",\"urlTemplate\":\"https:\\\/\\\/www.hotel-lechateaufort.fr\\\/en\\\/?s={search_term_string}\"},\"query-input\":{\"@type\":\"PropertyValueSpecification\",\"valueRequired\":true,\"valueName\":\"search_term_string\"}}],\"inLanguage\":\"en-US\"}]}<\/script>\n<!-- \/ Yoast SEO plugin. -->","yoast_head_json":{"title":"Our rooms in the heart of the Ch\u00e2teau-Fort of Sedan - Chateau Fort Sedan","description":"Experience the Ch\u00e2teau Fort differently... 52 rooms and suites that offer modern comfort while preserving the inimitable character of a Ch\u00e2teau-Fort. Each","robots":{"index":"index","follow":"follow","max-snippet":"max-snippet:-1","max-image-preview":"max-image-preview:large","max-video-preview":"max-video-preview:-1"},"canonical":"https:\/\/www.hotel-lechateaufort.fr\/en\/our-rooms\/","og_locale":"en_US","og_type":"article","og_title":"Our rooms in the heart of the Ch\u00e2teau-Fort of Sedan - Chateau Fort Sedan","og_description":"Experience the Ch\u00e2teau Fort differently... 52 rooms and suites that offer modern comfort while preserving the inimitable character of a Ch\u00e2teau-Fort. Each","og_url":"https:\/\/www.hotel-lechateaufort.fr\/en\/our-rooms\/","og_site_name":"Chateau Fort Sedan","article_modified_time":"2024-04-05T14:32:23+00:00","twitter_card":"summary_large_image","twitter_misc":{"Est. reading time":"1 minute"},"schema":{"@context":"https:\/\/schema.org","@graph":[{"@type":"WebPage","@id":"https:\/\/www.hotel-lechateaufort.fr\/en\/our-rooms\/","url":"https:\/\/www.hotel-lechateaufort.fr\/en\/our-rooms\/","name":"Our rooms in the heart of the Ch\u00e2teau-Fort of Sedan - Chateau Fort Sedan","isPartOf":{"@id":"https:\/\/www.hotel-lechateaufort.fr\/en\/#website"},"datePublished":"2023-12-28T21:04:52+00:00","dateModified":"2024-04-05T14:32:23+00:00","description":"Experience the Ch\u00e2teau Fort differently... 52 rooms and suites that offer modern comfort while preserving the inimitable character of a Ch\u00e2teau-Fort. Each","breadcrumb":{"@id":"https:\/\/www.hotel-lechateaufort.fr\/en\/our-rooms\/#breadcrumb"},"inLanguage":"en-US","potentialAction":[{"@type":"ReadAction","target":["https:\/\/www.hotel-lechateaufort.fr\/en\/our-rooms\/"]}]},{"@type":"BreadcrumbList","@id":"https:\/\/www.hotel-lechateaufort.fr\/en\/our-rooms\/#breadcrumb","itemListElement":[{"@type":"ListItem","position":1,"name":"Accueil","item":"https:\/\/www.hotel-lechateaufort.fr\/en\/"},{"@type":"ListItem","position":2,"name":"Our rooms in the heart of the Ch\u00e2teau-Fort of Sedan"}]},{"@type":"WebSite","@id":"https:\/\/www.hotel-lechateaufort.fr\/en\/#website","url":"https:\/\/www.hotel-lechateaufort.fr\/en\/","name":"Chateau Fort Sedan","description":"","potentialAction":[{"@type":"SearchAction","target":{"@type":"EntryPoint","urlTemplate":"https:\/\/www.hotel-lechateaufort.fr\/en\/?s={search_term_string}"},"query-input":{"@type":"PropertyValueSpecification","valueRequired":true,"valueName":"search_term_string"}}],"inLanguage":"en-US"}]}},"acf":[],"_links":{"self":[{"href":"https:\/\/www.hotel-lechateaufort.fr\/en\/wp-json\/wp\/v2\/pages\/211","targetHints":{"allow":["GET"]}}],"collection":[{"href":"https:\/\/www.hotel-lechateaufort.fr\/en\/wp-json\/wp\/v2\/pages"}],"about":[{"href":"https:\/\/www.hotel-lechateaufort.fr\/en\/wp-json\/wp\/v2\/types\/page"}],"author":[{"embeddable":true,"href":"https:\/\/www.hotel-lechateaufort.fr\/en\/wp-json\/wp\/v2\/users\/25"}],"replies":[{"embeddable":true,"href":"https:\/\/www.hotel-lechateaufort.fr\/en\/wp-json\/wp\/v2\/comments?post=211"}],"version-history":[{"count":0,"href":"https:\/\/www.hotel-lechateaufort.fr\/en\/wp-json\/wp\/v2\/pages\/211\/revisions"}],"wp:attachment":[{"href":"https:\/\/www.hotel-lechateaufort.fr\/en\/wp-json\/wp\/v2\/media?parent=211"}],"curies":[{"name":"wp","href":"https:\/\/api.w.org\/{rel}","templated":true}]}}