{"id":217,"date":"2023-12-28T22:08:55","date_gmt":"2023-12-28T21:08:55","guid":{"rendered":"https:\/\/chateau-fort-sedan.ms2.decms.eu\/our-rooms\/superieure\/"},"modified":"2024-04-05T16:38:39","modified_gmt":"2024-04-05T14:38:39","slug":"superior-room","status":"publish","type":"page","link":"https:\/\/www.hotel-lechateaufort.fr\/en\/our-rooms\/superior-room\/","title":{"rendered":"Superior Room"},"content":{"rendered":"<p>Welcome to our spacious 25m2 double room, perfect for 1 to 2 guests, offering breathtaking<br \/>\nviews from the top of the North-East rampart of the Ch\u00e2teau Fort. This exclusive room is<br \/>\nlocated within the Casernement Nord, a historic building that once housed officers and now<br \/>\nwelcomes our guests into superior rooms with authentic charm.<\/p>\n<p>The room provides a unique experience with all the full amenities for your comfort:<\/p>\n<ul>\n<li>a large, comfortable bed for optimal rest<\/li>\n<li>Un t\u00e9l\u00e9phone pour rester connect\u00e9<\/li>\n<li>a telephone to keep you connected, satellite and cable channels for your entertainment on the flat-screen TV<\/li>\n<li>a practical desk for your professional or personal needs<\/li>\n<li>a wardrobe for convenient storage of your belongings<\/li>\n<li>a hairdryer to make your stay easier<\/li>\n<li>toilets, and a bathroom with either a bathtub or shower for your well-being<\/li>\n<li>a minibar to quench your thirst at any time<\/li>\n<\/ul>\n<p>By staying in our room, you\u2019ll have the privilege of enjoying a panoramic view from the top of the North-East rampart, situated 22 meters above the castle\u2019s courtyard floor. This exceptional panorama will transport you into the rich history of our unique location.<\/p>\n<p>Book now to live an unforgettable experience in our Superior Room, offering historical charm, modern comfort, and a spectacular view. Be among the privileged to stay at the top of the North-East rampart of the Ch\u00e2teau Fort, and immerse yourself in the prestigious past of this emblematic residence.<\/p>\n","protected":false},"excerpt":{"rendered":"<p>Welcome to our spacious 25m2 double room, perfect for 1 to 2 guests, offering breathtaking views from the top of the North-East rampart of the Ch\u00e2teau Fort. This exclusive room is located within the Casernement Nord, a historic building that once housed officers and now welcomes our guests into superior rooms with authentic charm. The [&hellip;]<\/p>\n","protected":false},"author":25,"featured_media":0,"parent":211,"menu_order":40,"comment_status":"closed","ping_status":"closed","template":"template-single-room.php","meta":{"footnotes":""},"yoast_head":"<!-- This site is optimized with the Yoast SEO plugin v22.3 - https:\/\/yoast.com\/wordpress\/plugins\/seo\/ -->\n<title>Superior Room - Chateau Fort Sedan<\/title>\n<meta name=\"description\" content=\"Welcome to our spacious 25m2 double room, perfect for 1 to 2 guests, offering breathtaking views from the top of the North-East rampart of the Ch\u00e2teau\" \/>\n<meta name=\"robots\" content=\"index, follow, max-snippet:-1, max-image-preview:large, max-video-preview:-1\" \/>\n<link rel=\"canonical\" href=\"https:\/\/www.hotel-lechateaufort.fr\/en\/our-rooms\/superior-room\/\" \/>\n<meta property=\"og:locale\" content=\"en_US\" \/>\n<meta property=\"og:type\" content=\"article\" \/>\n<meta property=\"og:title\" content=\"Superior Room - Chateau Fort Sedan\" \/>\n<meta property=\"og:description\" content=\"Welcome to our spacious 25m2 double room, perfect for 1 to 2 guests, offering breathtaking views from the top of the North-East rampart of the Ch\u00e2teau\" \/>\n<meta property=\"og:url\" content=\"https:\/\/www.hotel-lechateaufort.fr\/en\/our-rooms\/superior-room\/\" \/>\n<meta property=\"og:site_name\" content=\"Chateau Fort Sedan\" \/>\n<meta property=\"article:modified_time\" content=\"2024-04-05T14:38:39+00:00\" \/>\n<meta name=\"twitter:card\" content=\"summary_large_image\" \/>\n<meta name=\"twitter:label1\" content=\"Est. reading time\" \/>\n\t<meta name=\"twitter:data1\" content=\"2 minutes\" \/>\n<script type=\"application\/ld+json\" class=\"yoast-schema-graph\">{\"@context\":\"https:\/\/schema.org\",\"@graph\":[{\"@type\":\"WebPage\",\"@id\":\"https:\/\/www.hotel-lechateaufort.fr\/en\/our-rooms\/superior-room\/\",\"url\":\"https:\/\/www.hotel-lechateaufort.fr\/en\/our-rooms\/superior-room\/\",\"name\":\"Superior Room - Chateau Fort Sedan\",\"isPartOf\":{\"@id\":\"https:\/\/www.hotel-lechateaufort.fr\/en\/#website\"},\"datePublished\":\"2023-12-28T21:08:55+00:00\",\"dateModified\":\"2024-04-05T14:38:39+00:00\",\"description\":\"Welcome to our spacious 25m2 double room, perfect for 1 to 2 guests, offering breathtaking views from the top of the North-East rampart of the Ch\u00e2teau\",\"breadcrumb\":{\"@id\":\"https:\/\/www.hotel-lechateaufort.fr\/en\/our-rooms\/superior-room\/#breadcrumb\"},\"inLanguage\":\"en-US\",\"potentialAction\":[{\"@type\":\"ReadAction\",\"target\":[\"https:\/\/www.hotel-lechateaufort.fr\/en\/our-rooms\/superior-room\/\"]}]},{\"@type\":\"BreadcrumbList\",\"@id\":\"https:\/\/www.hotel-lechateaufort.fr\/en\/our-rooms\/superior-room\/#breadcrumb\",\"itemListElement\":[{\"@type\":\"ListItem\",\"position\":1,\"name\":\"Accueil\",\"item\":\"https:\/\/www.hotel-lechateaufort.fr\/en\/\"},{\"@type\":\"ListItem\",\"position\":2,\"name\":\"Our rooms in the heart of the Ch\u00e2teau-Fort of Sedan\",\"item\":\"https:\/\/www.hotel-lechateaufort.fr\/en\/our-rooms\/\"},{\"@type\":\"ListItem\",\"position\":3,\"name\":\"Superior Room\"}]},{\"@type\":\"WebSite\",\"@id\":\"https:\/\/www.hotel-lechateaufort.fr\/en\/#website\",\"url\":\"https:\/\/www.hotel-lechateaufort.fr\/en\/\",\"name\":\"Chateau Fort Sedan\",\"description\":\"\",\"potentialAction\":[{\"@type\":\"SearchAction\",\"target\":{\"@type\":\"EntryPoint\",\"urlTemplate\":\"https:\/\/www.hotel-lechateaufort.fr\/en\/?s={search_term_string}\"},\"query-input\":\"required name=search_term_string\"}],\"inLanguage\":\"en-US\"}]}<\/script>\n<!-- \/ Yoast SEO plugin. -->","yoast_head_json":{"title":"Superior Room - Chateau Fort Sedan","description":"Welcome to our spacious 25m2 double room, perfect for 1 to 2 guests, offering breathtaking views from the top of the North-East rampart of the Ch\u00e2teau","robots":{"index":"index","follow":"follow","max-snippet":"max-snippet:-1","max-image-preview":"max-image-preview:large","max-video-preview":"max-video-preview:-1"},"canonical":"https:\/\/www.hotel-lechateaufort.fr\/en\/our-rooms\/superior-room\/","og_locale":"en_US","og_type":"article","og_title":"Superior Room - Chateau Fort Sedan","og_description":"Welcome to our spacious 25m2 double room, perfect for 1 to 2 guests, offering breathtaking views from the top of the North-East rampart of the Ch\u00e2teau","og_url":"https:\/\/www.hotel-lechateaufort.fr\/en\/our-rooms\/superior-room\/","og_site_name":"Chateau Fort Sedan","article_modified_time":"2024-04-05T14:38:39+00:00","twitter_card":"summary_large_image","twitter_misc":{"Est. reading time":"2 minutes"},"schema":{"@context":"https:\/\/schema.org","@graph":[{"@type":"WebPage","@id":"https:\/\/www.hotel-lechateaufort.fr\/en\/our-rooms\/superior-room\/","url":"https:\/\/www.hotel-lechateaufort.fr\/en\/our-rooms\/superior-room\/","name":"Superior Room - Chateau Fort Sedan","isPartOf":{"@id":"https:\/\/www.hotel-lechateaufort.fr\/en\/#website"},"datePublished":"2023-12-28T21:08:55+00:00","dateModified":"2024-04-05T14:38:39+00:00","description":"Welcome to our spacious 25m2 double room, perfect for 1 to 2 guests, offering breathtaking views from the top of the North-East rampart of the Ch\u00e2teau","breadcrumb":{"@id":"https:\/\/www.hotel-lechateaufort.fr\/en\/our-rooms\/superior-room\/#breadcrumb"},"inLanguage":"en-US","potentialAction":[{"@type":"ReadAction","target":["https:\/\/www.hotel-lechateaufort.fr\/en\/our-rooms\/superior-room\/"]}]},{"@type":"BreadcrumbList","@id":"https:\/\/www.hotel-lechateaufort.fr\/en\/our-rooms\/superior-room\/#breadcrumb","itemListElement":[{"@type":"ListItem","position":1,"name":"Accueil","item":"https:\/\/www.hotel-lechateaufort.fr\/en\/"},{"@type":"ListItem","position":2,"name":"Our rooms in the heart of the Ch\u00e2teau-Fort of Sedan","item":"https:\/\/www.hotel-lechateaufort.fr\/en\/our-rooms\/"},{"@type":"ListItem","position":3,"name":"Superior Room"}]},{"@type":"WebSite","@id":"https:\/\/www.hotel-lechateaufort.fr\/en\/#website","url":"https:\/\/www.hotel-lechateaufort.fr\/en\/","name":"Chateau Fort Sedan","description":"","potentialAction":[{"@type":"SearchAction","target":{"@type":"EntryPoint","urlTemplate":"https:\/\/www.hotel-lechateaufort.fr\/en\/?s={search_term_string}"},"query-input":"required name=search_term_string"}],"inLanguage":"en-US"}]}},"acf":[],"_links":{"self":[{"href":"https:\/\/www.hotel-lechateaufort.fr\/en\/wp-json\/wp\/v2\/pages\/217"}],"collection":[{"href":"https:\/\/www.hotel-lechateaufort.fr\/en\/wp-json\/wp\/v2\/pages"}],"about":[{"href":"https:\/\/www.hotel-lechateaufort.fr\/en\/wp-json\/wp\/v2\/types\/page"}],"author":[{"embeddable":true,"href":"https:\/\/www.hotel-lechateaufort.fr\/en\/wp-json\/wp\/v2\/users\/25"}],"replies":[{"embeddable":true,"href":"https:\/\/www.hotel-lechateaufort.fr\/en\/wp-json\/wp\/v2\/comments?post=217"}],"version-history":[{"count":0,"href":"https:\/\/www.hotel-lechateaufort.fr\/en\/wp-json\/wp\/v2\/pages\/217\/revisions"}],"up":[{"embeddable":true,"href":"https:\/\/www.hotel-lechateaufort.fr\/en\/wp-json\/wp\/v2\/pages\/211"}],"wp:attachment":[{"href":"https:\/\/www.hotel-lechateaufort.fr\/en\/wp-json\/wp\/v2\/media?parent=217"}],"curies":[{"name":"wp","href":"https:\/\/api.w.org\/{rel}","templated":true}]}}