{"id":226,"date":"2023-12-28T22:12:22","date_gmt":"2023-12-28T21:12:22","guid":{"rendered":"https:\/\/chateau-fort-sedan.ms2.decms.eu\/restaurant-la-principaute\/"},"modified":"2026-01-20T09:57:46","modified_gmt":"2026-01-20T08:57:46","slug":"restaurant-la-principaute","status":"publish","type":"page","link":"https:\/\/www.hotel-lechateaufort.fr\/en\/restaurant-la-principaute\/","title":{"rendered":"Restaurant &#8220;La Principaut\u00e9&#8221;"},"content":{"rendered":"<p>Restaurant La Principaut\u00e9 offers the gastronomy of Chef Olivot, who expresses his talent in creating combi Restaurant La Principaut\u00e9 is where Chef Olivot\u2019s gastronomy shines, expressing his talent for creating combinations for the best candlelit dining.<\/p>\n<p>Fresh products, flavor combinations, innovative preparations, and refined cooking techniques define the creativity of the seasonal menus.<\/p>\n<p>Open everyday, in the heart of the Ch\u00e2teau Fort d&#8217;Europe, access via the Hotel entrance. The restaurant&#8217;s decor, the chef&#8217;s dishes and the service on offer will let you experience the magic of the Ch\u00e2teau Fort for the duration of a meal.<\/p>\n<p>THE TASTE OF GOOD THINGS IS AN ENCHANTMENT.<\/p>\n","protected":false},"excerpt":{"rendered":"<p>Restaurant La Principaut\u00e9 offers the gastronomy of Chef Olivot, who expresses his talent in creating combi Restaurant La Principaut\u00e9 is where Chef Olivot\u2019s gastronomy shines, expressing his talent for creating combinations for the best candlelit dining. Fresh products, flavor combinations, innovative preparations, and refined cooking techniques define the creativity of the seasonal menus. Open everyday, [&hellip;]<\/p>\n","protected":false},"author":25,"featured_media":0,"parent":0,"menu_order":0,"comment_status":"closed","ping_status":"closed","template":"template-single-restaurant.php","meta":{"footnotes":""},"yoast_head":"<!-- This site is optimized with the Yoast SEO plugin v22.3 - https:\/\/yoast.com\/wordpress\/plugins\/seo\/ -->\n<title>Restaurant &quot;La Principaut\u00e9&quot; - Chateau Fort Sedan<\/title>\n<meta name=\"description\" content=\"Restaurant La Principaut\u00e9 offers the gastronomy of Chef Olivot, who expresses his talent in creating combi Restaurant La Principaut\u00e9 is where Chef\" \/>\n<meta name=\"robots\" content=\"index, follow, max-snippet:-1, max-image-preview:large, max-video-preview:-1\" \/>\n<link rel=\"canonical\" href=\"https:\/\/www.hotel-lechateaufort.fr\/en\/restaurant-la-principaute\/\" \/>\n<meta property=\"og:locale\" content=\"en_US\" \/>\n<meta property=\"og:type\" content=\"article\" \/>\n<meta property=\"og:title\" content=\"Restaurant &quot;La Principaut\u00e9&quot; - Chateau Fort Sedan\" \/>\n<meta property=\"og:description\" content=\"Restaurant La Principaut\u00e9 offers the gastronomy of Chef Olivot, who expresses his talent in creating combi Restaurant La Principaut\u00e9 is where Chef\" \/>\n<meta property=\"og:url\" content=\"https:\/\/www.hotel-lechateaufort.fr\/en\/restaurant-la-principaute\/\" \/>\n<meta property=\"og:site_name\" content=\"Chateau Fort Sedan\" \/>\n<meta property=\"article:modified_time\" content=\"2026-01-20T08:57:46+00:00\" \/>\n<meta name=\"twitter:card\" content=\"summary_large_image\" \/>\n<meta name=\"twitter:label1\" content=\"Est. reading time\" \/>\n\t<meta name=\"twitter:data1\" content=\"1 minute\" \/>\n<script type=\"application\/ld+json\" class=\"yoast-schema-graph\">{\"@context\":\"https:\/\/schema.org\",\"@graph\":[{\"@type\":\"WebPage\",\"@id\":\"https:\/\/www.hotel-lechateaufort.fr\/en\/restaurant-la-principaute\/\",\"url\":\"https:\/\/www.hotel-lechateaufort.fr\/en\/restaurant-la-principaute\/\",\"name\":\"Restaurant \\\"La Principaut\u00e9\\\" - Chateau Fort Sedan\",\"isPartOf\":{\"@id\":\"https:\/\/www.hotel-lechateaufort.fr\/en\/#website\"},\"datePublished\":\"2023-12-28T21:12:22+00:00\",\"dateModified\":\"2026-01-20T08:57:46+00:00\",\"description\":\"Restaurant La Principaut\u00e9 offers the gastronomy of Chef Olivot, who expresses his talent in creating combi Restaurant La Principaut\u00e9 is where Chef\",\"breadcrumb\":{\"@id\":\"https:\/\/www.hotel-lechateaufort.fr\/en\/restaurant-la-principaute\/#breadcrumb\"},\"inLanguage\":\"en-US\",\"potentialAction\":[{\"@type\":\"ReadAction\",\"target\":[\"https:\/\/www.hotel-lechateaufort.fr\/en\/restaurant-la-principaute\/\"]}]},{\"@type\":\"BreadcrumbList\",\"@id\":\"https:\/\/www.hotel-lechateaufort.fr\/en\/restaurant-la-principaute\/#breadcrumb\",\"itemListElement\":[{\"@type\":\"ListItem\",\"position\":1,\"name\":\"Accueil\",\"item\":\"https:\/\/www.hotel-lechateaufort.fr\/en\/\"},{\"@type\":\"ListItem\",\"position\":2,\"name\":\"Restaurant \u00ab\u00a0La Principaut\u00e9\u00a0\u00bb\"}]},{\"@type\":\"WebSite\",\"@id\":\"https:\/\/www.hotel-lechateaufort.fr\/en\/#website\",\"url\":\"https:\/\/www.hotel-lechateaufort.fr\/en\/\",\"name\":\"Chateau Fort Sedan\",\"description\":\"\",\"potentialAction\":[{\"@type\":\"SearchAction\",\"target\":{\"@type\":\"EntryPoint\",\"urlTemplate\":\"https:\/\/www.hotel-lechateaufort.fr\/en\/?s={search_term_string}\"},\"query-input\":\"required name=search_term_string\"}],\"inLanguage\":\"en-US\"}]}<\/script>\n<!-- \/ Yoast SEO plugin. -->","yoast_head_json":{"title":"Restaurant \"La Principaut\u00e9\" - Chateau Fort Sedan","description":"Restaurant La Principaut\u00e9 offers the gastronomy of Chef Olivot, who expresses his talent in creating combi Restaurant La Principaut\u00e9 is where Chef","robots":{"index":"index","follow":"follow","max-snippet":"max-snippet:-1","max-image-preview":"max-image-preview:large","max-video-preview":"max-video-preview:-1"},"canonical":"https:\/\/www.hotel-lechateaufort.fr\/en\/restaurant-la-principaute\/","og_locale":"en_US","og_type":"article","og_title":"Restaurant \"La Principaut\u00e9\" - Chateau Fort Sedan","og_description":"Restaurant La Principaut\u00e9 offers the gastronomy of Chef Olivot, who expresses his talent in creating combi Restaurant La Principaut\u00e9 is where Chef","og_url":"https:\/\/www.hotel-lechateaufort.fr\/en\/restaurant-la-principaute\/","og_site_name":"Chateau Fort Sedan","article_modified_time":"2026-01-20T08:57:46+00:00","twitter_card":"summary_large_image","twitter_misc":{"Est. reading time":"1 minute"},"schema":{"@context":"https:\/\/schema.org","@graph":[{"@type":"WebPage","@id":"https:\/\/www.hotel-lechateaufort.fr\/en\/restaurant-la-principaute\/","url":"https:\/\/www.hotel-lechateaufort.fr\/en\/restaurant-la-principaute\/","name":"Restaurant \"La Principaut\u00e9\" - Chateau Fort Sedan","isPartOf":{"@id":"https:\/\/www.hotel-lechateaufort.fr\/en\/#website"},"datePublished":"2023-12-28T21:12:22+00:00","dateModified":"2026-01-20T08:57:46+00:00","description":"Restaurant La Principaut\u00e9 offers the gastronomy of Chef Olivot, who expresses his talent in creating combi Restaurant La Principaut\u00e9 is where Chef","breadcrumb":{"@id":"https:\/\/www.hotel-lechateaufort.fr\/en\/restaurant-la-principaute\/#breadcrumb"},"inLanguage":"en-US","potentialAction":[{"@type":"ReadAction","target":["https:\/\/www.hotel-lechateaufort.fr\/en\/restaurant-la-principaute\/"]}]},{"@type":"BreadcrumbList","@id":"https:\/\/www.hotel-lechateaufort.fr\/en\/restaurant-la-principaute\/#breadcrumb","itemListElement":[{"@type":"ListItem","position":1,"name":"Accueil","item":"https:\/\/www.hotel-lechateaufort.fr\/en\/"},{"@type":"ListItem","position":2,"name":"Restaurant \u00ab\u00a0La Principaut\u00e9\u00a0\u00bb"}]},{"@type":"WebSite","@id":"https:\/\/www.hotel-lechateaufort.fr\/en\/#website","url":"https:\/\/www.hotel-lechateaufort.fr\/en\/","name":"Chateau Fort Sedan","description":"","potentialAction":[{"@type":"SearchAction","target":{"@type":"EntryPoint","urlTemplate":"https:\/\/www.hotel-lechateaufort.fr\/en\/?s={search_term_string}"},"query-input":"required name=search_term_string"}],"inLanguage":"en-US"}]}},"acf":[],"_links":{"self":[{"href":"https:\/\/www.hotel-lechateaufort.fr\/en\/wp-json\/wp\/v2\/pages\/226"}],"collection":[{"href":"https:\/\/www.hotel-lechateaufort.fr\/en\/wp-json\/wp\/v2\/pages"}],"about":[{"href":"https:\/\/www.hotel-lechateaufort.fr\/en\/wp-json\/wp\/v2\/types\/page"}],"author":[{"embeddable":true,"href":"https:\/\/www.hotel-lechateaufort.fr\/en\/wp-json\/wp\/v2\/users\/25"}],"replies":[{"embeddable":true,"href":"https:\/\/www.hotel-lechateaufort.fr\/en\/wp-json\/wp\/v2\/comments?post=226"}],"version-history":[{"count":0,"href":"https:\/\/www.hotel-lechateaufort.fr\/en\/wp-json\/wp\/v2\/pages\/226\/revisions"}],"wp:attachment":[{"href":"https:\/\/www.hotel-lechateaufort.fr\/en\/wp-json\/wp\/v2\/media?parent=226"}],"curies":[{"name":"wp","href":"https:\/\/api.w.org\/{rel}","templated":true}]}}